{"id":211,"date":"2025-04-26T18:03:14","date_gmt":"2025-04-26T16:03:14","guid":{"rendered":"https:\/\/tmsroszada.pl\/?page_id=211"},"modified":"2025-04-26T20:04:08","modified_gmt":"2025-04-26T18:04:08","slug":"galeria","status":"publish","type":"page","link":"https:\/\/tmsroszada.pl\/?page_id=211","title":{"rendered":"Galeria"},"content":{"rendered":"\n<div class=\"wp-block-uagb-container uagb-block-lndr7pz9 alignfull uagb-is-root-container\"><div class=\"uagb-container-inner-blocks-wrap\">\n<div class=\"wp-block-uagb-info-box uagb-block-o5io73ng uagb-infobox__content-wrap  uagb-infobox-icon-above-title uagb-infobox-image-valign-top\"><div class=\"uagb-ifb-content\"><div class=\"uagb-ifb-title-wrap\"><h2 class=\"uagb-ifb-title\">Zapraszamy do obejrzenia galerii.<\/h2><\/div><p class=\"uagb-ifb-desc\">Zatrzymali\u015bmy tu najpi\u0119kniejsze chwile z \u017cycia naszego klubu \u2013 TMS Roszada Gliwice. Turniejowe emocje, skupienie przy szachownicy i rado\u015b\u0107 ze wsp\u00f3lnych spotka\u0144 tworz\u0105 wyj\u0105tkow\u0105 atmosfer\u0119, kt\u00f3r\u0105 pragniemy si\u0119 z Wami podzieli\u0107. Ka\u017cde zdj\u0119cie to dow\u00f3d na to, \u017ce szachy to co\u015b wi\u0119cej ni\u017c gra \u2013 to nasza pasja.<\/p><\/div><\/div>\n\n\n\n<div class=\"wp-block-uagb-container uagb-block-vg0hsmpw\">\n<div class=\"wp-block-uagb-container uagb-block-a4qmlgyo\">\n<div class=\"wp-block-uagb-image alignleft uagb-block-qv9bmxlx wp-block-uagb-image--layout-default wp-block-uagb-image--effect-static wp-block-uagb-image--align-left\"><figure class=\"wp-block-uagb-image__figure\"><img decoding=\"async\" srcset=\"https:\/\/tmsroszada.pl\/wp-content\/uploads\/2025\/04\/IMG_1052.jpg ,https:\/\/tmsroszada.pl\/wp-content\/uploads\/2025\/04\/IMG_1052.jpg 780w, https:\/\/tmsroszada.pl\/wp-content\/uploads\/2025\/04\/IMG_1052.jpg 360w\" sizes=\"auto, (max-width: 480px) 150px\" src=\"https:\/\/tmsroszada.pl\/wp-content\/uploads\/2025\/04\/IMG_1052.jpg\" alt=\"\" class=\"uag-image-263\" width=\"600\" height=\"450\" title=\"IMG_1052\" loading=\"lazy\" role=\"img\"\/><\/figure><\/div>\n<\/div>\n\n\n\n<div class=\"wp-block-uagb-container uagb-block-hzmufogo\">\n<div class=\"wp-block-uagb-info-box uagb-block-s8cmngbj uagb-infobox__content-wrap  uagb-infobox-icon-above-title uagb-infobox-image-valign-top\"><div class=\"uagb-ifb-content\"><div class=\"uagb-ifb-title-wrap\"><h3 class=\"uagb-ifb-title\">Integracyjny Wielkanocny Turniej Szachowy &#8211; kwiecie\u0144 2009<\/h3><\/div><p class=\"uagb-ifb-desc\">W kwietniu 2009 roku, w \u015bwi\u0105tecznej atmosferze, odby\u0142 si\u0119 Integracyjny Wielkanocny Turniej Szachowy. By\u0142a to doskona\u0142a okazja do sportowej rywalizacji, ale te\u017c do wsp\u00f3lnego \u015bwi\u0119towania, budowania przyja\u017ani i dzielenia si\u0119 pasj\u0105 do szach\u00f3w..<\/p><\/div><\/div>\n\n\n\n<div class=\"wp-block-buttons is-layout-flex wp-block-buttons-is-layout-flex\">\n<div class=\"wp-block-button\"><a class=\"wp-block-button__link wp-element-button\" href=\"https:\/\/tmsroszada.pl\/?page_id=301\">Zobacz<\/a><\/div>\n<\/div>\n<\/div>\n\n\n\n<div class=\"wp-block-uagb-container uagb-block-feo1yduh\">\n<div class=\"wp-block-uagb-info-box uagb-block-jt9euhjp uagb-infobox__content-wrap  uagb-infobox-icon-above-title uagb-infobox-image-valign-top\"><div class=\"uagb-ifb-content\"><div class=\"uagb-ifb-title-wrap\"><h3 class=\"uagb-ifb-title\">I Integracyjne Mistrzostwa Gliwic Przedszkolak\u00f3w &#8211; luty 2009<\/h3><\/div><p class=\"uagb-ifb-desc\">W lutym 2009 roku najm\u0142odsi mi\u0142o\u015bnicy szach\u00f3w spotkali si\u0119 na Integracyjnych Mistrzostwach Gliwic Przedszkolak\u00f3w. Pe\u0142ne zaanga\u017cowania partie, u\u015bmiechy i pierwsze sportowe emocje stworzy\u0142y niezwyk\u0142\u0105 atmosfer\u0119, pokazuj\u0105c, \u017ce szachy \u0142\u0105cz\u0105 i ucz\u0105 ju\u017c od najm\u0142odszych lat.<\/p><\/div><\/div>\n\n\n\n<div class=\"wp-block-buttons is-layout-flex wp-block-buttons-is-layout-flex\">\n<div class=\"wp-block-button\"><a class=\"wp-block-button__link wp-element-button\" href=\"https:\/\/tmsroszada.pl\/?page_id=266\">Zobacz<\/a><\/div>\n<\/div>\n<\/div>\n\n\n\n<div class=\"wp-block-uagb-container uagb-block-bh4gjmdg\">\n<div class=\"wp-block-uagb-image alignleft uagb-block-zyailzdy wp-block-uagb-image--layout-default wp-block-uagb-image--effect-static wp-block-uagb-image--align-left\"><figure class=\"wp-block-uagb-image__figure\"><img decoding=\"async\" srcset=\"https:\/\/tmsroszada.pl\/wp-content\/uploads\/2025\/04\/IMG_0716.jpg ,https:\/\/tmsroszada.pl\/wp-content\/uploads\/2025\/04\/IMG_0716.jpg 780w, https:\/\/tmsroszada.pl\/wp-content\/uploads\/2025\/04\/IMG_0716.jpg 360w\" sizes=\"auto, (max-width: 480px) 150px\" src=\"https:\/\/tmsroszada.pl\/wp-content\/uploads\/2025\/04\/IMG_0716.jpg\" alt=\"\" class=\"uag-image-262\" width=\"600\" height=\"450\" title=\"IMG_0716\" loading=\"lazy\" role=\"img\"\/><\/figure><\/div>\n<\/div>\n\n\n\n<div class=\"wp-block-uagb-container uagb-block-kqiuchde\">\n<div class=\"wp-block-uagb-image alignleft uagb-block-mfaqpbed wp-block-uagb-image--layout-default wp-block-uagb-image--effect-static wp-block-uagb-image--align-left\"><figure class=\"wp-block-uagb-image__figure\"><img decoding=\"async\" srcset=\"https:\/\/tmsroszada.pl\/wp-content\/uploads\/2025\/04\/IMG_0885.jpg ,https:\/\/tmsroszada.pl\/wp-content\/uploads\/2025\/04\/IMG_0885.jpg 780w, https:\/\/tmsroszada.pl\/wp-content\/uploads\/2025\/04\/IMG_0885.jpg 360w\" sizes=\"auto, (max-width: 480px) 150px\" src=\"https:\/\/tmsroszada.pl\/wp-content\/uploads\/2025\/04\/IMG_0885.jpg\" alt=\"\" class=\"uag-image-229\" width=\"600\" height=\"450\" title=\"IMG_0885\" loading=\"lazy\" role=\"img\"\/><\/figure><\/div>\n<\/div>\n\n\n\n<div class=\"wp-block-uagb-container uagb-block-7rh2z4yr\">\n<div class=\"wp-block-uagb-info-box uagb-block-bifgs0gn uagb-infobox__content-wrap  uagb-infobox-icon-above-title uagb-infobox-image-valign-top\"><div class=\"uagb-ifb-content\"><div class=\"uagb-ifb-title-wrap\"><h3 class=\"uagb-ifb-title\">Integracyjny Noworoczny Turniej Szachowy &#8211; stycze\u0144 2009<\/h3><\/div><p class=\"uagb-ifb-desc\">W styczniu 2009 roku odby\u0142 si\u0119 wyj\u0105tkowy Integracyjny Noworoczny Turniej Szachowy, kt\u00f3ry zgromadzi\u0142 mi\u0142o\u015bnik\u00f3w kr\u00f3lewskiej gry z r\u00f3\u017cnych \u015brodowisk. By\u0142a to nie tylko sportowa rywalizacja, ale tak\u017ce okazja do spotka\u0144, wymiany do\u015bwiadcze\u0144 i wsp\u00f3lnego \u015bwi\u0119towania nowego roku przy szachownicy.<\/p><\/div><\/div>\n\n\n\n<div class=\"wp-block-buttons is-layout-flex wp-block-buttons-is-layout-flex\">\n<div class=\"wp-block-button\"><a class=\"wp-block-button__link wp-element-button\" href=\"https:\/\/tmsroszada.pl\/?page_id=239\">Zobacz<\/a><\/div>\n<\/div>\n<\/div>\n<\/div>\n<\/div><\/div>\n","protected":false},"excerpt":{"rendered":"","protected":false},"author":1,"featured_media":0,"parent":0,"menu_order":0,"comment_status":"closed","ping_status":"closed","template":"","meta":{"_uag_custom_page_level_css":"","site-sidebar-layout":"default","site-content-layout":"","ast-site-content-layout":"","site-content-style":"default","site-sidebar-style":"default","ast-global-header-display":"","ast-banner-title-visibility":"","ast-main-header-display":"","ast-hfb-above-header-display":"","ast-hfb-below-header-display":"","ast-hfb-mobile-header-display":"","site-post-title":"disabled","ast-breadcrumbs-content":"","ast-featured-img":"","footer-sml-layout":"","theme-transparent-header-meta":"","adv-header-id-meta":"","stick-header-meta":"","header-above-stick-meta":"","header-main-stick-meta":"","header-below-stick-meta":"","astra-migrate-meta-layouts":"default","ast-page-background-enabled":"default","ast-page-background-meta":{"desktop":{"background-color":"var(--ast-global-color-5)","background-image":"","background-repeat":"repeat","background-position":"center center","background-size":"auto","background-attachment":"scroll","background-type":"","background-media":"","overlay-type":"","overlay-color":"","overlay-opacity":"","overlay-gradient":""},"tablet":{"background-color":"","background-image":"","background-repeat":"repeat","background-position":"center center","background-size":"auto","background-attachment":"scroll","background-type":"","background-media":"","overlay-type":"","overlay-color":"","overlay-opacity":"","overlay-gradient":""},"mobile":{"background-color":"","background-image":"","background-repeat":"repeat","background-position":"center center","background-size":"auto","background-attachment":"scroll","background-type":"","background-media":"","overlay-type":"","overlay-color":"","overlay-opacity":"","overlay-gradient":""}},"ast-content-background-meta":{"desktop":{"background-color":"var(--ast-global-color-4)","background-image":"","background-repeat":"repeat","background-position":"center center","background-size":"auto","background-attachment":"scroll","background-type":"","background-media":"","overlay-type":"","overlay-color":"","overlay-opacity":"","overlay-gradient":""},"tablet":{"background-color":"var(--ast-global-color-4)","background-image":"","background-repeat":"repeat","background-position":"center center","background-size":"auto","background-attachment":"scroll","background-type":"","background-media":"","overlay-type":"","overlay-color":"","overlay-opacity":"","overlay-gradient":""},"mobile":{"background-color":"var(--ast-global-color-4)","background-image":"","background-repeat":"repeat","background-position":"center center","background-size":"auto","background-attachment":"scroll","background-type":"","background-media":"","overlay-type":"","overlay-color":"","overlay-opacity":"","overlay-gradient":""}},"footnotes":""},"class_list":["post-211","page","type-page","status-publish","hentry"],"uagb_featured_image_src":{"full":false,"thumbnail":false,"medium":false,"medium_large":false,"large":false,"1536x1536":false,"2048x2048":false},"uagb_author_info":{"display_name":"usrob","author_link":"https:\/\/tmsroszada.pl\/?author=1"},"uagb_comment_info":0,"uagb_excerpt":null,"_links":{"self":[{"href":"https:\/\/tmsroszada.pl\/index.php?rest_route=\/wp\/v2\/pages\/211","targetHints":{"allow":["GET"]}}],"collection":[{"href":"https:\/\/tmsroszada.pl\/index.php?rest_route=\/wp\/v2\/pages"}],"about":[{"href":"https:\/\/tmsroszada.pl\/index.php?rest_route=\/wp\/v2\/types\/page"}],"author":[{"embeddable":true,"href":"https:\/\/tmsroszada.pl\/index.php?rest_route=\/wp\/v2\/users\/1"}],"replies":[{"embeddable":true,"href":"https:\/\/tmsroszada.pl\/index.php?rest_route=%2Fwp%2Fv2%2Fcomments&post=211"}],"version-history":[{"count":15,"href":"https:\/\/tmsroszada.pl\/index.php?rest_route=\/wp\/v2\/pages\/211\/revisions"}],"predecessor-version":[{"id":346,"href":"https:\/\/tmsroszada.pl\/index.php?rest_route=\/wp\/v2\/pages\/211\/revisions\/346"}],"wp:attachment":[{"href":"https:\/\/tmsroszada.pl\/index.php?rest_route=%2Fwp%2Fv2%2Fmedia&parent=211"}],"curies":[{"name":"wp","href":"https:\/\/api.w.org\/{rel}","templated":true}]}}