{"id":340,"date":"2025-04-26T19:56:49","date_gmt":"2025-04-26T17:56:49","guid":{"rendered":"https:\/\/tmsroszada.pl\/?page_id=340"},"modified":"2025-04-26T19:56:51","modified_gmt":"2025-04-26T17:56:51","slug":"statut","status":"publish","type":"page","link":"https:\/\/tmsroszada.pl\/?page_id=340","title":{"rendered":"Statut"},"content":{"rendered":"\n<p><strong>Towarzystwa Mi\u0142o\u015bnik\u00f3w Szach\u00f3w \u201eRoszada\u201d<br>w Gliwicach<\/strong><br><br>Tekst jednolity, uwzgl\u0119dniaj\u0105cy zmiany dokonane Uchwa\u0142\u0105 Nr 5 Nadzwyczajnego Walnego Zebrania Towarzystwa Mi\u0142o\u015bnik\u00f3w Szach\u00f3w \u201eROSZADA\u201d w Gliwicach z dnia 29.10.2002r. oraz chwa\u0142\u0105 Nr 2 Nadzwyczajnego Walnego Zebrania Towarzystwa Mi\u0142o\u015bnik\u00f3w Szach\u00f3w \u201eROSZADA\u201d w Gliwicach z dnia 22.02.2003r.<br><br><strong>ROZDZIA\u0141 I<\/strong><br>Postanowienia og\u00f3lne<\/p>\n\n\n\n<p><strong>p. 1<\/strong><br>Towarzystwo Mi\u0142o\u015bnik\u00f3w Szach\u00f3w \u201eRoszada\u201d w Gliwicach, zwane w dalszych postanowieniach statutu \u201eTowarzystwem\u201d, jest stowarzyszeniem zarejestrowanym i posiada osobowo\u015b\u0107 prawn\u0105.<br><br><strong>p. 2<\/strong><br>Terenem dzia\u0142alno\u015bci Towarzystwa jest obszar Rzeczypospolitej Polskiej.<br><br><strong>p. 3<\/strong><br>Siedzib\u0105 w\u0142adz Towarzystwa jest miasto Gliwice.<br><br><strong>p. 4<\/strong><br>( skre\u015blony )<br><strong><br>p. 5<\/strong><br>Dzia\u0142alno\u015b\u0107 Towarzystwa opiera si\u0119 na pracy spo\u0142ecznej cz\u0142onk\u00f3w Towarzystwa.<br><br><strong>p. 6<\/strong><br>Towarzystwo mo\u017ce u\u017cywa\u0107 piecz\u0119ci zgodnie z obowi\u0105zuj\u0105cymi przepisami oraz mo\u017ce<br>posiada\u0107 odznaki organizacyjne.<br><br><strong>\u2013 2 \u2013<\/strong><br><br><strong>ROZDZIA\u0141 II<br>Cele i \u015brodki dzia\u0142ania<\/strong><br><br><strong>p. 7<\/strong><br>1. Celem Towarzystwa jest:<br><br>popularyzacja szach\u00f3w i animacja \u017cycia szachowego w mie\u015bcie Gliwice,&nbsp; docelowo w Makroregionie \u015al\u0105skim;<br>wyszukiwanie talent\u00f3w w tej dziedzinie sportu poprzez organizacj\u0119 zawod\u00f3w szachowych dla m\u0142odzie\u017cy szkolnej;<br><br>opieka trenerska i stworzenie warunk\u00f3w rozwoju m\u0142odym utalentowanym zawodnikom;<br><br>opieka trenerska i finansowa dla zdolnych i prezentuj\u0105cych wysoki poziom tej dyscyplinie szachist\u00f3w;<br><br>utworzenie sekcji wyczynowej sk\u0142adaj\u0105cej si\u0119 z najlepszych graczy zrzeszonych w Towarzystwie;<br><br>rozwijanie umiej\u0119tno\u015bci sportowych cz\u0142onk\u00f3w Towarzystwa.<br><br>wspieranie prac\u0105 spo\u0142eczn\u0105 i \u015brodkami finansowymi sportowej dzia\u0142alno\u015bci niepe\u0142nosprawnych cz\u0142onk\u00f3w Towarzystwa, w szczeg\u00f3lno\u015bci organizacja<br>imprez i turniej\u00f3w szachowych o charakterze integracyjnym oraz wsp\u00f3\u0142praca z innymi organizacjami, zajmuj\u0105cymi si\u0119 problematyk\u0105 sportu niepe\u0142nosprawnych.<br><br>2. Cele okre\u015blone w pkt. 1 Towarzystwo realizuje z zachowaniem obowi\u0105zuj\u0105cych przepis\u00f3w przez:<br><br>d\u0105\u017cenie do zrzeszenia jak najwi\u0119kszej liczby cz\u0142onk\u00f3w Towarzystwa oraz u\u0142atwienie im udzia\u0142u we wszystkich przejawach dzia\u0142alno\u015bci;<br><br>wsp\u00f3\u0142prac\u0119 przy organizacji zawod\u00f3w szachowych, oboz\u00f3w treningowych z odpowiednimi w\u0142adzami pa\u0144stwowymi, instytucjami, organizacjami spo\u0142ecznymi, przedstawicielami sfery gospodarczej oraz ze wszystkimi osobami pragn\u0105cymi przyczyni\u0107 si\u0119 do rozwoju Towarzystwa.<br><br><strong>ROZDZIA\u0141 III<br>Cz\u0142onkowie, ich prawa i obowi\u0105zki<\/strong><br><br><strong>p. 8<\/strong><br>Cz\u0142onkowie Towarzystwa dziel\u0105 si\u0119 na:<br>zwyczajnych, wspieraj\u0105cych, honorowych.<br><br><strong>\u2013 3 \u2013<\/strong><br><br><strong>p. 9.<\/strong><br>Cz\u0142onkiem zwyczajnym mo\u017ce by\u0107 ka\u017cdy, tak obywatel Polski jak i obcokrajowiec, kto pragnie wnie\u015b\u0107 sw\u00f3j wk\u0142ad pracy spo\u0142ecznej w realizacj\u0119 cel\u00f3w klubu i kto z\u0142o\u017cy pisemn\u0105 deklaracj\u0119 przyst\u0105pienia do klubu.<br><br>2. Przyjmowanie i skre\u015blanie w listy cz\u0142onk\u00f3w zwyczajnych nast\u0119puje na podstawie uchwa\u0142y zarz\u0105du Towarzystwa.<br><br>3. M\u0142odzie\u017c w wieku 14 lat do 18 lat mo\u017ce uczestniczy\u0107 w dzia\u0142alno\u015bci Towarzystwa o uzyskaniu pisemnego zezwolenia swoich rodzic\u00f3w lub prawnych opiekun\u00f3w. Nie posiada jednak praw wyborczych do statutowych organ\u00f3w Towarzystwa oraz prawa do udzia\u0142u w g\u0142osowaniu nad uchwa\u0142ami nikt, kto nie uko\u0144czy\u0142 wieku osiemnastu lat.<br><br><strong>p. 10<\/strong><br>Cz\u0142onkiem wspieraj\u0105cym mo\u017ce by\u0107 osoba fizyczna lub prawna, kt\u00f3ra dla poparcia klubu zadeklaruje sta\u0142\u0105 sk\u0142adk\u0119. Przyjmowanie i skre\u015blanie z listy cz\u0142onk\u00f3w wspieraj\u0105cych nast\u0119puje na podstawie uchwa\u0142y Zarz\u0105du Towarzystwa.<br><br><strong>p. 11<\/strong><br>Cz\u0142onkiem honorowym mo\u017ce by\u0107 osoba szczeg\u00f3lnie zas\u0142u\u017cona w realizacj\u0119 cel\u00f3w Towarzystwa. Nadanie godno\u015bci cz\u0142onka honorowego nast\u0119puje na podstawie uchwa\u0142y Walnego Zebrania cz\u0142onk\u00f3w podj\u0119tej w g\u0142osowaniu jawnym,&nbsp; zwyk\u0142\u0105 wi\u0119kszo\u015bci\u0105 g\u0142os\u00f3w.<br><br><strong>p. 12<\/strong><br>1. Cz\u0142onkowie honorowi zwyczajni i honorowi maj\u0105 prawo:<br><br>czynnego i biernego prawa wyborczego do w\u0142adz Towarzystwa;<br><br>do korzystania z pomocy oraz urz\u0105dze\u0144 Towarzystwa.<br><br>2. Cz\u0142onkom wspieraj\u0105cym i m\u0142odzie\u017cy niepe\u0142noletniej przys\u0142uguj\u0105 uprawnienia wymienione w odpowiednich punktach Statutu.<br><br><strong>p. 13<\/strong><br>Cz\u0142onkowie Towarzystwa s\u0105 obowi\u0105zani:<br>a) aktywnie uczestniczy\u0107 w realizacji cel\u00f3w Towarzystwa;<br>b) przestrzega\u0107 postanowie\u0144 Statutu, regulamin\u00f3w i uchwa\u0142 w\u0142adz Towarzystwa;<br>c) regularnie op\u0142aca\u0107 sk\u0142adk\u0119 cz\u0142onkowsk\u0105.<br><br><strong>p. 14<\/strong><br>Prawa cz\u0142onka<br>wygasaj\u0105 na skutek:<br>wyst\u0105pienia cz\u0142onka \u2013 zg\u0142oszonego na pi\u015bmie \u2013 po uprzednim uregulowaniu sk\u0142adek z\u0142onkowskich;<br>skre\u015blenia z listy cz\u0142onk\u00f3w;<br>wykluczenia cz\u0142onka z Towarzystwa.<br><br><strong>\u2013 4 \u2013<\/strong><br><br><strong>ROZDZIA\u0141 IV<br>W\u0142adze Towarzystwa<\/strong><br><strong><br>p. 15<\/strong><br>1. W\u0142adzami Towarzystwa s\u0105:<br>Walne Zebranie Cz\u0142onk\u00f3w; Zarz\u0105d Towarzystwa; Komisja Rewizyjna Towarzystwa.<br><br>2. Kadencja w\u0142adz Towarzystwa trwa trzy lata.<br><br>3. Cz\u0142onkowie w\u0142adz Towarzystwa pe\u0142ni\u0105 swe funkcje honorowo.<br>Walne Zebranie Cz\u0142onk\u00f3w<br><br><strong>p. 16<\/strong><br>1. Walne Zebranie Cz\u0142onk\u00f3w jest najwy\u017csz\u0105 w\u0142adz\u0105 Towarzystwa.<br>2. Walne Zebranie mo\u017ce by\u0107 zwyczajne lub nadzwyczajne.<br><br><strong>p. 17<\/strong><br>Do kompetencji Walnego Zebrania nale\u017cy:<br>1. uchwalenie programu dzia\u0142alno\u015bci Towarzystwa;<br>2. rozpatrywanie sprawozda\u0144 z dzia\u0142alno\u015bci Zarz\u0105du i Komisji Rewizyjnej;<br>3. podejmowanie uchwa\u0142 w sprawach przedstawionych przez Zarz\u0105d, Komisj\u0119 Rewizyjn\u0105 i cz\u0142onk\u00f3w;<br>4. wyb\u00f3r Zarz\u0105du i Komisji Rewizyjnej;<br>5. uchwalanie zmian Statutu;<br>6. uchwalanie regulamin\u00f3w wewn\u0119trznych Towarzystwa;<br>7. uchwalanie wysoko\u015bci sk\u0142adek cz\u0142onkowskich;<br>8. podj\u0119cie uchwa\u0142y w sprawie rozwi\u0105zania Towarzystwa;<br>9. podejmowanie uchwa\u0142, kt\u00f3re wymagaj\u0105 decyzji Walnego Zebrania.<br><br><strong>p. 18<\/strong><br>1. Walne Zebranie zwo\u0142ywane jest przez Zarz\u0105d, oraz przynajmniej raz na trzy lata.<br>2. O terminie Walnego Zebrania wraz z proponowanym porz\u0105dkiem obrad Zarz\u0105d zawiadamia cz\u0142onk\u00f3w co najmniej 20 dni przed terminem rozpocz\u0119cia zebrania.<br><br><strong>p. 19<\/strong><br>1. Walne Zebranie zwo\u0142ywane jest:<br>na podstawie uchwa\u0142y Zarz\u0105du;<br>na \u017c\u0105danie Komisji Rewizyjnej;<br>na pisemny wniosek co najmniej \u00bc og\u00f3lnej liczby cz\u0142onk\u00f3w Towarzystwa.<br><br>2. Zarz\u0105d zwo\u0142uje Nadzwyczajne Walne Zebranie w terminie do 2 tygodni od podj\u0119cia uchwa\u0142y lub od dnia otrzymania wniosku (\u017c\u0105dania).<br><br><strong>\u2013 5 \u2013<\/strong><br><br><strong>p. 20<\/strong><br>W Walnym Zebraniu z g\u0142osem doradczym mog\u0105 bra\u0107 udzia\u0142 r\u00f3wnie\u017c osoby zaproszone.<br><br><strong>p. 21<\/strong><br>1. Uchwa\u0142y Walnego Zebrania podejmowane s\u0105 zwyk\u0142\u0105 wi\u0119kszo\u015bci\u0105 g\u0142os\u00f3w, przy obecno\u015bci przynajmniej po\u0142owy og\u00f3lnej liczby cz\u0142onk\u00f3w, je\u015bli dalsze postanowienia nie stanowi\u0105 inaczej.<br><br>2. W przypadku braku quorum Walne Zebranie zostaje przeniesione na termin p\u00f3\u017aniejszy, nie d\u0142u\u017cszy jednak ni\u017c dwa tygodnie od daty jego zwo\u0142ania. W tym przypadku podj\u0119te uchwa\u0142y Walnego Zebrania, zgodne z jego porz\u0105dkiem, s\u0105 wa\u017cne, bez wzgl\u0119du na liczb\u0119 obecnych na Zebraniu cz\u0142onk\u00f3w Towarzystwa.<br><br><strong>p. 22<\/strong><br>Walne Zebranie prowadzi Przewodnicz\u0105cy wybrany przez to zebranie. Z obrad Walnego Zebrania spisuje si\u0119 protok\u00f3\u0142 podpisany przez Przewodnicz\u0105cego i Sekretarza Walnego Zebrania.&nbsp; Zarz\u0105d<br><br><strong>p. 23<\/strong><br>Zarz\u0105d Towarzystwa sk\u0142ada si\u0119 z 5 do 8 cz\u0142onk\u00f3w, wybieranych przez Walne Zebranie w g\u0142osowaniu tajnym. Liczb\u0119 cz\u0142onk\u00f3w Zarz\u0105du ustala Walne Zebranie.<br><br><strong>p. 24<\/strong><br>Do zakresu dzia\u0142alno\u015bci Zarz\u0105du nale\u017cy:<br>1. reprezentowanie Towarzystwa na zewn\u0105trz przez prezesa lub dzia\u0142aj\u0105cych wsp\u00f3lnie dw\u00f3ch cz\u0142onk\u00f3w Zarz\u0105du;<br><br>2. kierowanie sprawami Towarzystwa;<br><br>3. realizacja uchwa\u0142 Walnego Zebrania;<br><br>4. zwo\u0142ywanie Walnych Zebra\u0144;<br><br>5. sporz\u0105dzanie sprawozda\u0144 rocznych, bud\u017cet\u00f3w i bilans\u00f3w oraz przedstawianie ich Walnemu Zebraniu do rozpatrzenia;<br><br>6. przyjmowanie i wykluczanie cz\u0142onk\u00f3w:<br><br>wykluczenie cz\u0142onka z Towarzystwa mo\u017ce nast\u0105pi\u0107 w przypadku nie przestrzegania Statutu, regulamin\u00f3w i uchwa\u0142 w\u0142adz Towarzystwa, naruszania zasad wsp\u00f3\u0142\u017cycia spo\u0142ecznego. Od decyzji Zarz\u0105du o wykluczeniu z Towarzystwa&nbsp; przys\u0142uguje zainteresowanemu prawo wniesienia odwo\u0142ania do Walnego Zebrania, z\u0142o\u017cone na pi\u015bmie w ci\u0105gu 2 tygodni od dnia dor\u0119czenia cz\u0142onkowi wspomnianej decyzji;<br>\u2013 decyzj\u0119 o skre\u015bleniu z listy cz\u0142onk\u00f3w podejmuje Walne Zebranie<br><br>7. administracja maj\u0105tkiem i funduszami stowarzyszenia;<br><br>8. prowadzenie korespondencji i rachunkowo\u015bci Towarzystwa zgodnie z przepisami prawnymi oraz uchwalonym przez Walne Zebranie bud\u017cetem;<br><br>9. orzekanie kar porz\u0105dkowych w postaci:<br>a) upomnienia,<br>b) zawieszenia w prawach cz\u0142onka Towarzystwa na okres od 1 miesi\u0105ca do 6 miesi\u0119cy.<br><br><strong>\u2013 6 \u2013<\/strong><br><br>Od wymienionych w pkt a i b kar porz\u0105dkowych zainteresowanemu przys\u0142uguje prawo wniesienia odwo\u0142ania w trybie okre\u015blonym w pkt 6 tego paragrafu.<br><br><strong>p. 25<\/strong><br>Zebranie Zarz\u0105du jest prawomocne przy obecno\u015bci co najmniej po\u0142owy jego cz\u0142onk\u00f3w. Uchwa\u0142y zapadaj\u0105 wi\u0119kszo\u015bci\u0105 g\u0142os\u00f3w w g\u0142osowaniu jawnym.<br><br><strong>p. 26<\/strong><br>Organizacj\u0119 i tryb pracy Zarz\u0105du okre\u015bla regulamin uchwalony przez Zarz\u0105d. Komisja Rewizyjna<br><br><strong>p. 27<\/strong><br>1. Komisja Rewizyjna jest organem kontroli Towarzystwa.<br><br>2. Komisja Rewizyjna sk\u0142ada si\u0119 z trzech cz\u0142onk\u00f3w wybranych przez Walne Zebranie zwyk\u0142\u0105 wi\u0119kszo\u015bci\u0105 g\u0142os\u00f3w w g\u0142osowaniu tajnym. Komisja Rewizyjna wybiera ze swego grona przewodnicz\u0105cego. Cz\u0142onkowie Komisji Rewizyjnej&nbsp; nie mog\u0105 wchodzi\u0107 w sk\u0142ad innych organ\u00f3w wykonawczych Towarzystwa. W przypadku ust\u0105pienia cz\u0142onka Komisji Rewizyjnej w czasie kadencji, jego miejsce zajmuje cz\u0142onek, kt\u00f3ry w wyborach uzyska\u0142 kolejn\u0105 liczb\u0119 g\u0142os\u00f3w.<br><br>3. Komisja Rewizyjna czuwa nad dzia\u0142alno\u015bci\u0105 Zarz\u0105du. Ma ona prawo dokonywania kontroli w ka\u017cdym czasie, a obowi\u0105zkiem jej jest sprawdzi\u0107 przynajmniej raz w roku wszystkie ksi\u0119gi, dokumenty oraz stan maj\u0105tkowy&nbsp; Towarzystwa. Z ka\u017cdej dokonanej kontroli Komisja Rewizyjna sporz\u0105dza protok\u00f3\u0142. Z czynno\u015bci swoich Komisja Rewizyjna sk\u0142ada sprawozdanie Walnemu Zebraniu.<br><br><strong>ROZDZIA\u0141 V<br>Maj\u0105tek Towarzystwa<br><br>p. 28<\/strong><br>1. Maj\u0105tek Towarzystwa stanowi\u0105: ruchomo\u015bci, nieruchomo\u015bci, fundusze.<br>2. Na fundusze Towarzystwa sk\u0142adaj\u0105 si\u0119:<br>a) wp\u0142ywy wpisowego i sk\u0142adek cz\u0142onkowskich;<br>b) dochody z urz\u0105dzanych przez Towarzystwo imprez;<br>c) darowizny, spadki, zapisy oraz dochody z ofiarno\u015bci publicznej;<br>d) dotacje;<br>e) ( skre\u015blony )<br><br>3. Rachunkowo\u015b\u0107 Towarzystwa prowadzi si\u0119 zgodnie z przyj\u0119tymi w rachunkowo\u015bci przepisami.<br><br><strong>p. 29<\/strong><br>1. O\u015bwiadczenie w sprawach maj\u0105tkowych Towarzystwa sk\u0142ada przewodnicz\u0105cy lub wiceprzewodnicz\u0105cy Zarz\u0105du i skarbnik Towarzystwa.<br><br>2. Dla wa\u017cno\u015bci pism i dokument\u00f3w wymagane s\u0105 podpisy prezesa Towarzystwa lub 2 cz\u0142onk\u00f3w zarz\u0105du Towarzystwa dzia\u0142aj\u0105cych wsp\u00f3lnie.<br><br><strong>\u2013 7 \u2013<\/strong><br><br><strong>ROZDZIA\u0141 VI<br>Zmiana Statutu i rozwi\u0105zanie Towarzystwa<br><br>p. 30<\/strong><br>1. Zmiana Statutu lub rozwi\u0105zanie Towarzystwa wymagaj\u0105 uchwa\u0142y Walnego Zebrania podj\u0119tej w g\u0142osowaniu jawnym wi\u0119kszo\u015bci\u0105 2\/3 g\u0142os\u00f3w przy obecno\u015bci co najmniej po\u0142owy og\u00f3lnej liczby os\u00f3b uprawnionych do g\u0142osowania.<br><br>2. W razie podj\u0119cia przez Walne Zebranie uchwa\u0142y o rozwi\u0105zaniu Towarzystwa, Walne Zebranie zadecyduje o przeznaczeniu maj\u0105tku Towarzystwa i powo\u0142a Komisj\u0119 Likwidacyjn\u0105.<br><br>3. Uchwa\u0142a Walnego Zebrania o przeznaczeniu maj\u0105tku Towarzystwa wymaga zatwierdzenia przez organ rejestracyjny.<\/p>\n\n\n\n<div data-wp-interactive=\"core\/file\" class=\"wp-block-file\"><object data-wp-bind--hidden=\"!state.hasPdfPreview\" hidden class=\"wp-block-file__embed\" data=\"https:\/\/tmsroszada.pl\/wp-content\/uploads\/2025\/04\/Statut_TMS_Roszada_tekst_jednolity_22022003-1.pdf\" type=\"application\/pdf\" style=\"width:100%;height:600px\" aria-label=\"Osadzone z Statut_TMS_Roszada_tekst_jednolity_22022003-1.\"><\/object><a id=\"wp-block-file--media-74e01624-b764-4159-b275-57d528dfaff4\" href=\"https:\/\/tmsroszada.pl\/wp-content\/uploads\/2025\/04\/Statut_TMS_Roszada_tekst_jednolity_22022003-1.pdf\">Statut_TMS_Roszada_tekst_jednolity_22022003-1<\/a><a href=\"https:\/\/tmsroszada.pl\/wp-content\/uploads\/2025\/04\/Statut_TMS_Roszada_tekst_jednolity_22022003-1.pdf\" class=\"wp-block-file__button wp-element-button\" download aria-describedby=\"wp-block-file--media-74e01624-b764-4159-b275-57d528dfaff4\">Pobierz<\/a><\/div>\n","protected":false},"excerpt":{"rendered":"<p>Towarzystwa Mi\u0142o\u015bnik\u00f3w Szach\u00f3w \u201eRoszada\u201dw Gliwicach Tekst jednolity, uwzgl\u0119dniaj\u0105cy zmiany dokonane Uchwa\u0142\u0105 Nr 5 Nadzwyczajnego Walnego Zebrania Towarzystwa Mi\u0142o\u015bnik\u00f3w Szach\u00f3w \u201eROSZADA\u201d [&hellip;]<\/p>\n","protected":false},"author":1,"featured_media":0,"parent":0,"menu_order":0,"comment_status":"closed","ping_status":"closed","template":"","meta":{"_uag_custom_page_level_css":"","site-sidebar-layout":"default","site-content-layout":"","ast-site-content-layout":"default","site-content-style":"default","site-sidebar-style":"default","ast-global-header-display":"","ast-banner-title-visibility":"","ast-main-header-display":"","ast-hfb-above-header-display":"","ast-hfb-below-header-display":"","ast-hfb-mobile-header-display":"","site-post-title":"","ast-breadcrumbs-content":"","ast-featured-img":"","footer-sml-layout":"","theme-transparent-header-meta":"","adv-header-id-meta":"","stick-header-meta":"","header-above-stick-meta":"","header-main-stick-meta":"","header-below-stick-meta":"","astra-migrate-meta-layouts":"default","ast-page-background-enabled":"default","ast-page-background-meta":{"desktop":{"background-color":"var(--ast-global-color-5)","background-image":"","background-repeat":"repeat","background-position":"center center","background-size":"auto","background-attachment":"scroll","background-type":"","background-media":"","overlay-type":"","overlay-color":"","overlay-opacity":"","overlay-gradient":""},"tablet":{"background-color":"","background-image":"","background-repeat":"repeat","background-position":"center center","background-size":"auto","background-attachment":"scroll","background-type":"","background-media":"","overlay-type":"","overlay-color":"","overlay-opacity":"","overlay-gradient":""},"mobile":{"background-color":"","background-image":"","background-repeat":"repeat","background-position":"center center","background-size":"auto","background-attachment":"scroll","background-type":"","background-media":"","overlay-type":"","overlay-color":"","overlay-opacity":"","overlay-gradient":""}},"ast-content-background-meta":{"desktop":{"background-color":"var(--ast-global-color-4)","background-image":"","background-repeat":"repeat","background-position":"center center","background-size":"auto","background-attachment":"scroll","background-type":"","background-media":"","overlay-type":"","overlay-color":"","overlay-opacity":"","overlay-gradient":""},"tablet":{"background-color":"var(--ast-global-color-4)","background-image":"","background-repeat":"repeat","background-position":"center center","background-size":"auto","background-attachment":"scroll","background-type":"","background-media":"","overlay-type":"","overlay-color":"","overlay-opacity":"","overlay-gradient":""},"mobile":{"background-color":"var(--ast-global-color-4)","background-image":"","background-repeat":"repeat","background-position":"center center","background-size":"auto","background-attachment":"scroll","background-type":"","background-media":"","overlay-type":"","overlay-color":"","overlay-opacity":"","overlay-gradient":""}},"footnotes":""},"class_list":["post-340","page","type-page","status-publish","hentry"],"uagb_featured_image_src":{"full":false,"thumbnail":false,"medium":false,"medium_large":false,"large":false,"1536x1536":false,"2048x2048":false},"uagb_author_info":{"display_name":"usrob","author_link":"https:\/\/tmsroszada.pl\/?author=1"},"uagb_comment_info":0,"uagb_excerpt":"Towarzystwa Mi\u0142o\u015bnik\u00f3w Szach\u00f3w \u201eRoszada\u201dw Gliwicach Tekst jednolity, uwzgl\u0119dniaj\u0105cy zmiany dokonane Uchwa\u0142\u0105 Nr 5 Nadzwyczajnego Walnego Zebrania Towarzystwa Mi\u0142o\u015bnik\u00f3w Szach\u00f3w \u201eROSZADA\u201d [&hellip;]","_links":{"self":[{"href":"https:\/\/tmsroszada.pl\/index.php?rest_route=\/wp\/v2\/pages\/340","targetHints":{"allow":["GET"]}}],"collection":[{"href":"https:\/\/tmsroszada.pl\/index.php?rest_route=\/wp\/v2\/pages"}],"about":[{"href":"https:\/\/tmsroszada.pl\/index.php?rest_route=\/wp\/v2\/types\/page"}],"author":[{"embeddable":true,"href":"https:\/\/tmsroszada.pl\/index.php?rest_route=\/wp\/v2\/users\/1"}],"replies":[{"embeddable":true,"href":"https:\/\/tmsroszada.pl\/index.php?rest_route=%2Fwp%2Fv2%2Fcomments&post=340"}],"version-history":[{"count":1,"href":"https:\/\/tmsroszada.pl\/index.php?rest_route=\/wp\/v2\/pages\/340\/revisions"}],"predecessor-version":[{"id":342,"href":"https:\/\/tmsroszada.pl\/index.php?rest_route=\/wp\/v2\/pages\/340\/revisions\/342"}],"wp:attachment":[{"href":"https:\/\/tmsroszada.pl\/index.php?rest_route=%2Fwp%2Fv2%2Fmedia&parent=340"}],"curies":[{"name":"wp","href":"https:\/\/api.w.org\/{rel}","templated":true}]}}