{"id":347,"date":"2025-04-28T14:01:21","date_gmt":"2025-04-28T12:01:21","guid":{"rendered":"https:\/\/tmsroszada.pl\/?page_id=347"},"modified":"2025-04-29T10:34:32","modified_gmt":"2025-04-29T08:34:32","slug":"kalendarium","status":"publish","type":"page","link":"https:\/\/tmsroszada.pl\/?page_id=347","title":{"rendered":"Kalendarium"},"content":{"rendered":"\n<p>Witamy w tej cz\u0119\u015bci naszej strony, kt\u00f3r\u0105 zosta\u0142a zaplanowana jako&nbsp;<strong>miejsce pozyskiwania&nbsp;informacji o&nbsp;r\u00f3\u017cnego rodzaju imprezach szachowych<\/strong>&nbsp;bez u\u017cycia wyszukiwarek, czy te\u017c konieczno\u015bci pami\u0119tania&nbsp;adres\u00f3w najpopularniejszych kalendarzy. Ze wzgl\u0119du na charakterystyk\u0119 dzia\u0142ania&nbsp;portali \u2013&nbsp;kalendarzy szachowych \u2013&nbsp;znajdziecie tutaj Pa\u0144stwo zar\u00f3wno informacje&nbsp;o imprezach planowanych, jak r\u00f3wnie\u017c turnieje archiwalne&nbsp;oraz b\u0119d\u0105ce w\u0142a\u015bnie w toku.&nbsp;<strong>Zapraszamy do korzystania<\/strong>.<\/p>\n\n\n\n<div class=\"wp-block-columns is-layout-flex wp-container-core-columns-is-layout-28f84493 wp-block-columns-is-layout-flex\">\n<div class=\"wp-block-column is-layout-flow wp-block-column-is-layout-flow\" style=\"flex-basis:33.33%\">\n<figure class=\"wp-block-image size-full\"><img loading=\"lazy\" decoding=\"async\" width=\"110\" height=\"149\" src=\"https:\/\/tmsroszada.pl\/wp-content\/uploads\/2025\/04\/01.jpg\" alt=\"\" class=\"wp-image-350\"\/><\/figure>\n<\/div>\n\n\n\n<div class=\"wp-block-column is-layout-flow wp-block-column-is-layout-flow\" style=\"flex-basis:66.66%\">\n<div class=\"wp-block-uagb-advanced-heading uagb-block-fe147409\"><h2 class=\"uagb-heading-text\"><strong>POLSKI ZWI\u0104ZEK SZACHOWY<\/strong><\/h2><p class=\"uagb-desc-text\">Witryna z oficjalnym kalendarzem Polskiego\u00a0Zwi\u0105zku Szachowego.<br><br><a href=\"https:\/\/pzszach.pl\/2024\/09\/30\/kalendarz-pzszach-2025\/\" target=\"_blank\" rel=\"noreferrer noopener\">Id\u017a do kalendarza Polskiego Zwi\u0105zku Szachowego<\/a><\/p><\/div>\n<\/div>\n<\/div>\n\n\n\n<div class=\"wp-block-columns is-layout-flex wp-container-core-columns-is-layout-28f84493 wp-block-columns-is-layout-flex\">\n<div class=\"wp-block-column is-layout-flow wp-block-column-is-layout-flow\" style=\"flex-basis:33.33%\">\n<figure class=\"wp-block-image size-full\"><img loading=\"lazy\" decoding=\"async\" width=\"110\" height=\"149\" src=\"https:\/\/tmsroszada.pl\/wp-content\/uploads\/2025\/04\/02.jpg\" alt=\"\" class=\"wp-image-353\"\/><\/figure>\n<\/div>\n\n\n\n<div class=\"wp-block-column is-layout-flow wp-block-column-is-layout-flow\" style=\"flex-basis:66.66%\">\n<div class=\"wp-block-uagb-advanced-heading uagb-block-cebce042\"><h2 class=\"uagb-heading-text\"><strong><strong><strong>\u015aL\u0104SKI ZWI\u0104ZEK SZACHOWY<\/strong><\/strong><\/strong><\/h2><p class=\"uagb-desc-text\">Witryna z kalendarzem \u015al\u0105skiego&nbsp;Zwi\u0105zku Szachowego.<br><br><a href=\"https:\/\/szs.org.pl\/kalendarz\/\" target=\"_blank\" rel=\"noreferrer noopener\">Id\u017a do kalendarza \u015al\u0105skiego Zwi\u0105zku Szachowego<\/a><\/p><\/div>\n<\/div>\n<\/div>\n\n\n\n<div class=\"wp-block-columns is-layout-flex wp-container-core-columns-is-layout-28f84493 wp-block-columns-is-layout-flex\">\n<div class=\"wp-block-column is-layout-flow wp-block-column-is-layout-flow\" style=\"flex-basis:33.33%\">\n<figure class=\"wp-block-image size-full\"><img loading=\"lazy\" decoding=\"async\" width=\"110\" height=\"149\" src=\"https:\/\/tmsroszada.pl\/wp-content\/uploads\/2025\/04\/03.jpg\" alt=\"\" class=\"wp-image-355\"\/><\/figure>\n<\/div>\n\n\n\n<div class=\"wp-block-column is-layout-flow wp-block-column-is-layout-flow\" style=\"flex-basis:66.66%\">\n<div class=\"wp-block-uagb-advanced-heading uagb-block-c0dcb1a2\"><h2 class=\"uagb-heading-text\"><strong><strong><strong><strong><strong>CHESSARBITER<\/strong><\/strong><\/strong><\/strong><\/strong><\/h2><p class=\"uagb-desc-text\">To jeden z najbardziej popularnych w Polsce kalendarzy szachowych. Kalendarz imprez ChessArbiter jest tworzony w pe\u0142ni automatycznie. Jest to jedna z podstawowych funkcjonalno\u015bci najbardziej popularnego w naszym kraju programu do kojarzenia komputerowego o tej samej nazwie (ChessArbiter Pro). W\u015br\u00f3d istotnych funkcjonalno\u015bci ChessArbiter Pro 2016 (v.6.05) wymieni\u0107 mo\u017cna automatyczne tworzenie profesjonalnego internetowego serwisu turniejowego, z mo\u017cliwo\u015bci\u0105 dodawania i usuwania element\u00f3w standardowych i dodatkowych (baner turniejowy, w\u0142asne odno\u015bniki, np. do stron sponsor\u00f3w, w\u0142asny kod HTML na stronie startowej).<br><br><a href=\"http:\/\/www.chessarbiter.com\/turnieje.php\" target=\"_blank\" rel=\"noreferrer noopener\">Id\u017a do kalendarza ChessArbiter<\/a><\/p><\/div>\n<\/div>\n<\/div>\n\n\n\n<p><\/p>\n","protected":false},"excerpt":{"rendered":"<p>Witamy w tej cz\u0119\u015bci naszej strony, kt\u00f3r\u0105 zosta\u0142a zaplanowana jako&nbsp;miejsce pozyskiwania&nbsp;informacji o&nbsp;r\u00f3\u017cnego rodzaju imprezach szachowych&nbsp;bez u\u017cycia wyszukiwarek, czy te\u017c konieczno\u015bci [&hellip;]<\/p>\n","protected":false},"author":1,"featured_media":0,"parent":0,"menu_order":0,"comment_status":"closed","ping_status":"closed","template":"","meta":{"_uag_custom_page_level_css":"","site-sidebar-layout":"default","site-content-layout":"","ast-site-content-layout":"default","site-content-style":"default","site-sidebar-style":"default","ast-global-header-display":"","ast-banner-title-visibility":"","ast-main-header-display":"","ast-hfb-above-header-display":"","ast-hfb-below-header-display":"","ast-hfb-mobile-header-display":"","site-post-title":"","ast-breadcrumbs-content":"","ast-featured-img":"","footer-sml-layout":"","theme-transparent-header-meta":"","adv-header-id-meta":"","stick-header-meta":"","header-above-stick-meta":"","header-main-stick-meta":"","header-below-stick-meta":"","astra-migrate-meta-layouts":"default","ast-page-background-enabled":"default","ast-page-background-meta":{"desktop":{"background-color":"var(--ast-global-color-5)","background-image":"","background-repeat":"repeat","background-position":"center center","background-size":"auto","background-attachment":"scroll","background-type":"","background-media":"","overlay-type":"","overlay-color":"","overlay-opacity":"","overlay-gradient":""},"tablet":{"background-color":"","background-image":"","background-repeat":"repeat","background-position":"center center","background-size":"auto","background-attachment":"scroll","background-type":"","background-media":"","overlay-type":"","overlay-color":"","overlay-opacity":"","overlay-gradient":""},"mobile":{"background-color":"","background-image":"","background-repeat":"repeat","background-position":"center center","background-size":"auto","background-attachment":"scroll","background-type":"","background-media":"","overlay-type":"","overlay-color":"","overlay-opacity":"","overlay-gradient":""}},"ast-content-background-meta":{"desktop":{"background-color":"var(--ast-global-color-4)","background-image":"","background-repeat":"repeat","background-position":"center center","background-size":"auto","background-attachment":"scroll","background-type":"","background-media":"","overlay-type":"","overlay-color":"","overlay-opacity":"","overlay-gradient":""},"tablet":{"background-color":"var(--ast-global-color-4)","background-image":"","background-repeat":"repeat","background-position":"center center","background-size":"auto","background-attachment":"scroll","background-type":"","background-media":"","overlay-type":"","overlay-color":"","overlay-opacity":"","overlay-gradient":""},"mobile":{"background-color":"var(--ast-global-color-4)","background-image":"","background-repeat":"repeat","background-position":"center center","background-size":"auto","background-attachment":"scroll","background-type":"","background-media":"","overlay-type":"","overlay-color":"","overlay-opacity":"","overlay-gradient":""}},"footnotes":""},"class_list":["post-347","page","type-page","status-publish","hentry"],"uagb_featured_image_src":{"full":false,"thumbnail":false,"medium":false,"medium_large":false,"large":false,"1536x1536":false,"2048x2048":false},"uagb_author_info":{"display_name":"usrob","author_link":"https:\/\/tmsroszada.pl\/?author=1"},"uagb_comment_info":0,"uagb_excerpt":"Witamy w tej cz\u0119\u015bci naszej strony, kt\u00f3r\u0105 zosta\u0142a zaplanowana jako&nbsp;miejsce pozyskiwania&nbsp;informacji o&nbsp;r\u00f3\u017cnego rodzaju imprezach szachowych&nbsp;bez u\u017cycia wyszukiwarek, czy te\u017c konieczno\u015bci [&hellip;]","_links":{"self":[{"href":"https:\/\/tmsroszada.pl\/index.php?rest_route=\/wp\/v2\/pages\/347","targetHints":{"allow":["GET"]}}],"collection":[{"href":"https:\/\/tmsroszada.pl\/index.php?rest_route=\/wp\/v2\/pages"}],"about":[{"href":"https:\/\/tmsroszada.pl\/index.php?rest_route=\/wp\/v2\/types\/page"}],"author":[{"embeddable":true,"href":"https:\/\/tmsroszada.pl\/index.php?rest_route=\/wp\/v2\/users\/1"}],"replies":[{"embeddable":true,"href":"https:\/\/tmsroszada.pl\/index.php?rest_route=%2Fwp%2Fv2%2Fcomments&post=347"}],"version-history":[{"count":5,"href":"https:\/\/tmsroszada.pl\/index.php?rest_route=\/wp\/v2\/pages\/347\/revisions"}],"predecessor-version":[{"id":376,"href":"https:\/\/tmsroszada.pl\/index.php?rest_route=\/wp\/v2\/pages\/347\/revisions\/376"}],"wp:attachment":[{"href":"https:\/\/tmsroszada.pl\/index.php?rest_route=%2Fwp%2Fv2%2Fmedia&parent=347"}],"curies":[{"name":"wp","href":"https:\/\/api.w.org\/{rel}","templated":true}]}}