{"id":368,"date":"2025-04-28T15:28:21","date_gmt":"2025-04-28T13:28:21","guid":{"rendered":"https:\/\/tmsroszada.pl\/?page_id=368"},"modified":"2025-04-28T15:29:35","modified_gmt":"2025-04-28T13:29:35","slug":"partnerzy","status":"publish","type":"page","link":"https:\/\/tmsroszada.pl\/?page_id=368","title":{"rendered":"Partnerzy"},"content":{"rendered":"\n<p><strong>Partnerzy Towarzystwa Mi\u0142o\u015bnik\u00f3w Szach\u00f3w \u201eRoszada\u201d w Gliwicach<\/strong><\/p>\n\n\n\n<p>Poni\u017cej przedstawiamy list\u0119 partner\u00f3w Towarzystwa Mi\u0142o\u015bnik\u00f3w Szach\u00f3w \u201eRoszada\u201d w Gliwicach,<br>kt\u00f3rzy wspomagaj\u0105 nasz\u0105 dzia\u0142alno\u015b\u0107 statutow\u0105.<\/p>\n\n\n\n<ul class=\"wp-block-list\">\n<li><a href=\"https:\/\/gods.gliwice.pl\/\"><strong>Centrum 3.0<\/strong><\/a>\u00a0\u2013 Gliwicki O\u015brodek Dzia\u0142a\u0144 Spo\u0142ecznych<\/li>\n\n\n\n<li>Zak\u0142ad Fotograficzny <strong>\u201eFoto-Piast\u201d<\/strong> w Gliwicach<\/li>\n\n\n\n<li>Firma <strong>\u201e<a href=\"http:\/\/www.ex-el.pl\/\">EX-EL<\/a>\u201d<\/strong> S.C., Tomasz Borkowski, Miros\u0142aw Paj\u0105k, w Gliwicach<\/li>\n\n\n\n<li>Firma <strong>\u201e<a href=\"http:\/\/www.quickcopy.pl\/\">Quick-Copy<\/a>\u201d<\/strong> Marcin Gwosdek w Gliwicach<\/li>\n<\/ul>\n\n\n\n<p>Zarz\u0105d Towarzystwa pragnie w tym miejscu z\u0142o\u017cy\u0107 podzi\u0119kowania<br>wszystkim Partnerom zaanga\u017cowanym w wsp\u00f3ln\u0105 dzia\u0142alno\u015b\u0107.<\/p>\n\n\n\n<p><\/p>\n","protected":false},"excerpt":{"rendered":"<p>Partnerzy Towarzystwa Mi\u0142o\u015bnik\u00f3w Szach\u00f3w \u201eRoszada\u201d w Gliwicach Poni\u017cej przedstawiamy list\u0119 partner\u00f3w Towarzystwa Mi\u0142o\u015bnik\u00f3w Szach\u00f3w \u201eRoszada\u201d w Gliwicach,kt\u00f3rzy wspomagaj\u0105 nasz\u0105 dzia\u0142alno\u015b\u0107 [&hellip;]<\/p>\n","protected":false},"author":1,"featured_media":0,"parent":0,"menu_order":0,"comment_status":"closed","ping_status":"closed","template":"","meta":{"_uag_custom_page_level_css":"","site-sidebar-layout":"default","site-content-layout":"","ast-site-content-layout":"default","site-content-style":"default","site-sidebar-style":"default","ast-global-header-display":"","ast-banner-title-visibility":"","ast-main-header-display":"","ast-hfb-above-header-display":"","ast-hfb-below-header-display":"","ast-hfb-mobile-header-display":"","site-post-title":"","ast-breadcrumbs-content":"","ast-featured-img":"","footer-sml-layout":"","theme-transparent-header-meta":"","adv-header-id-meta":"","stick-header-meta":"","header-above-stick-meta":"","header-main-stick-meta":"","header-below-stick-meta":"","astra-migrate-meta-layouts":"default","ast-page-background-enabled":"default","ast-page-background-meta":{"desktop":{"background-color":"var(--ast-global-color-5)","background-image":"","background-repeat":"repeat","background-position":"center center","background-size":"auto","background-attachment":"scroll","background-type":"","background-media":"","overlay-type":"","overlay-color":"","overlay-opacity":"","overlay-gradient":""},"tablet":{"background-color":"","background-image":"","background-repeat":"repeat","background-position":"center center","background-size":"auto","background-attachment":"scroll","background-type":"","background-media":"","overlay-type":"","overlay-color":"","overlay-opacity":"","overlay-gradient":""},"mobile":{"background-color":"","background-image":"","background-repeat":"repeat","background-position":"center center","background-size":"auto","background-attachment":"scroll","background-type":"","background-media":"","overlay-type":"","overlay-color":"","overlay-opacity":"","overlay-gradient":""}},"ast-content-background-meta":{"desktop":{"background-color":"var(--ast-global-color-4)","background-image":"","background-repeat":"repeat","background-position":"center center","background-size":"auto","background-attachment":"scroll","background-type":"","background-media":"","overlay-type":"","overlay-color":"","overlay-opacity":"","overlay-gradient":""},"tablet":{"background-color":"var(--ast-global-color-4)","background-image":"","background-repeat":"repeat","background-position":"center center","background-size":"auto","background-attachment":"scroll","background-type":"","background-media":"","overlay-type":"","overlay-color":"","overlay-opacity":"","overlay-gradient":""},"mobile":{"background-color":"var(--ast-global-color-4)","background-image":"","background-repeat":"repeat","background-position":"center center","background-size":"auto","background-attachment":"scroll","background-type":"","background-media":"","overlay-type":"","overlay-color":"","overlay-opacity":"","overlay-gradient":""}},"footnotes":""},"class_list":["post-368","page","type-page","status-publish","hentry"],"uagb_featured_image_src":{"full":false,"thumbnail":false,"medium":false,"medium_large":false,"large":false,"1536x1536":false,"2048x2048":false},"uagb_author_info":{"display_name":"usrob","author_link":"https:\/\/tmsroszada.pl\/?author=1"},"uagb_comment_info":0,"uagb_excerpt":"Partnerzy Towarzystwa Mi\u0142o\u015bnik\u00f3w Szach\u00f3w \u201eRoszada\u201d w Gliwicach Poni\u017cej przedstawiamy list\u0119 partner\u00f3w Towarzystwa Mi\u0142o\u015bnik\u00f3w Szach\u00f3w \u201eRoszada\u201d w Gliwicach,kt\u00f3rzy wspomagaj\u0105 nasz\u0105 dzia\u0142alno\u015b\u0107 [&hellip;]","_links":{"self":[{"href":"https:\/\/tmsroszada.pl\/index.php?rest_route=\/wp\/v2\/pages\/368","targetHints":{"allow":["GET"]}}],"collection":[{"href":"https:\/\/tmsroszada.pl\/index.php?rest_route=\/wp\/v2\/pages"}],"about":[{"href":"https:\/\/tmsroszada.pl\/index.php?rest_route=\/wp\/v2\/types\/page"}],"author":[{"embeddable":true,"href":"https:\/\/tmsroszada.pl\/index.php?rest_route=\/wp\/v2\/users\/1"}],"replies":[{"embeddable":true,"href":"https:\/\/tmsroszada.pl\/index.php?rest_route=%2Fwp%2Fv2%2Fcomments&post=368"}],"version-history":[{"count":2,"href":"https:\/\/tmsroszada.pl\/index.php?rest_route=\/wp\/v2\/pages\/368\/revisions"}],"predecessor-version":[{"id":371,"href":"https:\/\/tmsroszada.pl\/index.php?rest_route=\/wp\/v2\/pages\/368\/revisions\/371"}],"wp:attachment":[{"href":"https:\/\/tmsroszada.pl\/index.php?rest_route=%2Fwp%2Fv2%2Fmedia&parent=368"}],"curies":[{"name":"wp","href":"https:\/\/api.w.org\/{rel}","templated":true}]}}